{"id":10091,"date":"2025-02-07T17:12:53","date_gmt":"2025-02-07T16:12:53","guid":{"rendered":"https:\/\/mafacture.be\/?page_id=10091"},"modified":"2025-02-07T17:24:16","modified_gmt":"2025-02-07T16:24:16","slug":"essayez-gratuitement","status":"publish","type":"page","link":"https:\/\/mafacture.be\/index.php\/essayez-gratuitement\/","title":{"rendered":"\u2705 Essayez gratuitement, sans engagement !"},"content":{"rendered":"\n<div class=\"wp-block-contact-form-7-contact-form-selector\">\n<div class=\"wpcf7 no-js\" id=\"wpcf7-f9980-o1\" lang=\"en-US\" dir=\"ltr\" data-wpcf7-id=\"9980\">\n<div class=\"screen-reader-response\"><p role=\"status\" aria-live=\"polite\" aria-atomic=\"true\"><\/p> <ul><\/ul><\/div>\n<form action=\"\/index.php\/wp-json\/wp\/v2\/pages\/10091#wpcf7-f9980-o1\" method=\"post\" class=\"wpcf7-form init\" aria-label=\"Contact form\" novalidate=\"novalidate\" data-status=\"init\">\n<fieldset class=\"hidden-fields-container\"><input type=\"hidden\" name=\"_wpcf7\" value=\"9980\" \/><input type=\"hidden\" name=\"_wpcf7_version\" value=\"6.1.5\" \/><input type=\"hidden\" name=\"_wpcf7_locale\" value=\"en_US\" \/><input type=\"hidden\" name=\"_wpcf7_unit_tag\" value=\"wpcf7-f9980-o1\" \/><input type=\"hidden\" name=\"_wpcf7_container_post\" value=\"0\" \/><input type=\"hidden\" name=\"_wpcf7_posted_data_hash\" value=\"\" \/><input type=\"hidden\" name=\"_wpcf7_recaptcha_response\" value=\"\" \/>\n<\/fieldset>\n<div class=\"restly-contact-form\">\n    <div class=\"row\">\n        <div class=\"col-12 col-md-6\">\n            <div class=\"restly-input name\"><span class=\"wpcf7-form-control-wrap\" data-name=\"fullname\"><input size=\"40\" maxlength=\"400\" class=\"wpcf7-form-control wpcf7-text wpcf7-validates-as-required\" aria-required=\"true\" aria-invalid=\"false\" placeholder=\"Nom et pr\u00e9nom\" value=\"\" type=\"text\" name=\"fullname\" \/><\/span><\/div>\n        <\/div>\n        <div class=\"col-12 col-md-6\">\n            <div class=\"restly-input company\"><span class=\"wpcf7-form-control-wrap\" data-name=\"companyname\"><input size=\"40\" maxlength=\"400\" class=\"wpcf7-form-control wpcf7-text wpcf7-validates-as-required\" aria-required=\"true\" aria-invalid=\"false\" placeholder=\"Nom de l&#039;entreprise\" value=\"\" type=\"text\" name=\"companyname\" \/><\/span><\/div>\n        <\/div>\n        <div class=\"col-12 col-md-6\">\n            <div class=\"restly-input email\"><span class=\"wpcf7-form-control-wrap\" data-name=\"youremail\"><input size=\"40\" maxlength=\"400\" class=\"wpcf7-form-control wpcf7-email wpcf7-validates-as-required wpcf7-text wpcf7-validates-as-email\" aria-required=\"true\" aria-invalid=\"false\" placeholder=\"Email professionnel\" value=\"\" type=\"email\" name=\"youremail\" \/><\/span><\/div>\n        <\/div>\n        <div class=\"col-12 col-md-6\">\n            <div class=\"restly-input phone\"><span class=\"wpcf7-form-control-wrap\" data-name=\"yourphone\"><input size=\"40\" maxlength=\"400\" class=\"wpcf7-form-control wpcf7-tel wpcf7-validates-as-required wpcf7-text wpcf7-validates-as-tel\" aria-required=\"true\" aria-invalid=\"false\" placeholder=\"Num\u00e9ro de t\u00e9l\u00e9phone\" value=\"\" type=\"tel\" name=\"yourphone\" \/><\/span><\/div>\n        <\/div>\n        <div class=\"col-12 col-md-12\">\n            <div class=\"restly-input website\"><span class=\"wpcf7-form-control-wrap\" data-name=\"yourwebsite\"><input size=\"40\" maxlength=\"400\" class=\"wpcf7-form-control wpcf7-url wpcf7-text wpcf7-validates-as-url\" aria-invalid=\"false\" placeholder=\"Site web (optionnel)\" value=\"\" type=\"url\" name=\"yourwebsite\" \/><\/span><\/div>\n        <\/div>\n        <div class=\"col-12 col-md-12\">\n            <div class=\"restly-input select\"><span class=\"wpcf7-form-control-wrap\" data-name=\"tarif-option\"><select class=\"wpcf7-form-control wpcf7-select wpcf7-validates-as-required\" aria-required=\"true\" aria-invalid=\"false\" name=\"tarif-option\"><option value=\"Type de soci\u00e9t\u00e9\">Type de soci\u00e9t\u00e9<\/option><option value=\"Starter ou ind\u00e9pendant\">Starter ou ind\u00e9pendant<\/option><option value=\"Entreprise (PME)\">Entreprise (PME)<\/option><option value=\"Gold (besoin avanc\u00e9s)\">Gold (besoin avanc\u00e9s)<\/option><\/select><\/span><\/div>\n        <\/div>\n        <div class=\"col-12 col-md-12\">\n            <div class=\"restly-input message\"><span class=\"wpcf7-form-control-wrap\" data-name=\"WriteMessage\"><textarea cols=\"10\" rows=\"5\" maxlength=\"2000\" class=\"wpcf7-form-control wpcf7-textarea wpcf7-validates-as-required\" aria-required=\"true\" aria-invalid=\"false\" placeholder=\"D\u00e9crivez vos besoins ou attentes\" name=\"WriteMessage\"><\/textarea><\/span><\/div>\n        <\/div>\n        <div class=\"col-12 col-md-12\">\n            <div class=\"restly-message-btn\">\n                <input class=\"wpcf7-form-control wpcf7-submit has-spinner\" type=\"submit\" value=\"Demander une d\u00e9mo\" \/>\n            <\/div>\n        <\/div>\n    <\/div>\n<\/div><p style=\"display: none !important;\" class=\"akismet-fields-container\" data-prefix=\"_wpcf7_ak_\"><label>&#916;<textarea name=\"_wpcf7_ak_hp_textarea\" cols=\"45\" rows=\"8\" maxlength=\"100\"><\/textarea><\/label><input type=\"hidden\" id=\"ak_js_1\" name=\"_wpcf7_ak_js\" value=\"158\"\/><script>document.getElementById( \"ak_js_1\" ).setAttribute( \"value\", ( new Date() ).getTime() );<\/script><\/p><div class=\"wpcf7-response-output\" aria-hidden=\"true\"><\/div>\n<\/form>\n<\/div>\n<\/div>\n","protected":false},"excerpt":{"rendered":"","protected":false},"author":1,"featured_media":0,"parent":0,"menu_order":0,"comment_status":"closed","ping_status":"closed","template":"","meta":{"footnotes":""},"class_list":["post-10091","page","type-page","status-publish","hentry"],"_links":{"self":[{"href":"https:\/\/mafacture.be\/index.php\/wp-json\/wp\/v2\/pages\/10091","targetHints":{"allow":["GET"]}}],"collection":[{"href":"https:\/\/mafacture.be\/index.php\/wp-json\/wp\/v2\/pages"}],"about":[{"href":"https:\/\/mafacture.be\/index.php\/wp-json\/wp\/v2\/types\/page"}],"author":[{"embeddable":true,"href":"https:\/\/mafacture.be\/index.php\/wp-json\/wp\/v2\/users\/1"}],"replies":[{"embeddable":true,"href":"https:\/\/mafacture.be\/index.php\/wp-json\/wp\/v2\/comments?post=10091"}],"version-history":[{"count":2,"href":"https:\/\/mafacture.be\/index.php\/wp-json\/wp\/v2\/pages\/10091\/revisions"}],"predecessor-version":[{"id":10109,"href":"https:\/\/mafacture.be\/index.php\/wp-json\/wp\/v2\/pages\/10091\/revisions\/10109"}],"wp:attachment":[{"href":"https:\/\/mafacture.be\/index.php\/wp-json\/wp\/v2\/media?parent=10091"}],"curies":[{"name":"wp","href":"https:\/\/api.w.org\/{rel}","templated":true}]}}