{"id":10207,"date":"2025-02-25T11:10:05","date_gmt":"2025-02-25T10:10:05","guid":{"rendered":"https:\/\/mafacture.be\/?page_id=10207"},"modified":"2025-02-25T11:10:32","modified_gmt":"2025-02-25T10:10:32","slug":"pack-gold","status":"publish","type":"page","link":"https:\/\/mafacture.be\/index.php\/pack-gold\/","title":{"rendered":"D\u00e9marrer avec le pack \u00ab\u00a0Gold\u00a0\u00bb"},"content":{"rendered":"\t\t<div data-elementor-type=\"wp-page\" data-elementor-id=\"10207\" class=\"elementor elementor-10207\">\n\t\t\t\t\t\t<section class=\"elementor-section elementor-top-section elementor-element elementor-element-9b152e3 elementor-section-full_width elementor-section-height-default elementor-section-height-default\" data-id=\"9b152e3\" data-element_type=\"section\" data-e-type=\"section\">\n\t\t\t\t\t\t<div class=\"elementor-container elementor-column-gap-no\">\n\t\t\t\t\t<div class=\"elementor-column elementor-col-100 elementor-top-column elementor-element elementor-element-4544746\" data-id=\"4544746\" data-element_type=\"column\" data-e-type=\"column\">\n\t\t\t<div class=\"elementor-widget-wrap\">\n\t\t\t\t\t\t\t<\/div>\n\t\t<\/div>\n\t\t\t\t\t<\/div>\n\t\t<\/section>\n\t\t\t\t<section class=\"elementor-section elementor-top-section elementor-element elementor-element-f322fa4 elementor-section-content-middle elementor-section-boxed elementor-section-height-default elementor-section-height-default\" data-id=\"f322fa4\" data-element_type=\"section\" data-e-type=\"section\">\n\t\t\t\t\t\t<div class=\"elementor-container elementor-column-gap-no\">\n\t\t\t\t\t<div class=\"elementor-column elementor-col-50 elementor-top-column elementor-element elementor-element-4a18fc7\" data-id=\"4a18fc7\" data-element_type=\"column\" data-e-type=\"column\">\n\t\t\t<div class=\"elementor-widget-wrap elementor-element-populated\">\n\t\t\t\t\t\t<div class=\"elementor-element elementor-element-905097a elementor-widget elementor-widget-image\" data-id=\"905097a\" data-element_type=\"widget\" data-e-type=\"widget\" data-widget_type=\"image.default\">\n\t\t\t\t<div class=\"elementor-widget-container\">\n\t\t\t\t\t\t\t\t\t\t\t\t\t\t\t<img fetchpriority=\"high\" decoding=\"async\" width=\"345\" height=\"903\" src=\"https:\/\/mafacture.be\/wp-content\/uploads\/2025\/02\/gold.png\" class=\"attachment-large size-large wp-image-10209\" alt=\"\" srcset=\"https:\/\/mafacture.be\/wp-content\/uploads\/2025\/02\/gold.png 345w, https:\/\/mafacture.be\/wp-content\/uploads\/2025\/02\/gold-115x300.png 115w\" sizes=\"(max-width: 345px) 100vw, 345px\" \/>\t\t\t\t\t\t\t\t\t\t\t\t\t\t\t<\/div>\n\t\t\t\t<\/div>\n\t\t\t\t\t<\/div>\n\t\t<\/div>\n\t\t\t\t<div class=\"elementor-column elementor-col-50 elementor-top-column elementor-element elementor-element-8c4e13b\" data-id=\"8c4e13b\" data-element_type=\"column\" data-e-type=\"column\">\n\t\t\t<div class=\"elementor-widget-wrap elementor-element-populated\">\n\t\t\t\t\t\t<div class=\"elementor-element elementor-element-979e3d8 elementor-widget elementor-widget-restly_title\" data-id=\"979e3d8\" data-element_type=\"widget\" data-e-type=\"widget\" data-widget_type=\"restly_title.default\">\n\t\t\t\t<div class=\"elementor-widget-container\">\n\t\t\t\t\t        <div class=\"restly-section-title-wrapper\">\r\n            <div class=\"restly-section-title\">\r\n                <h6 class=\"restly-section-stitle\"><span>D\u00e9marrez avec mafacture.be<\/span><\/h6>                \r\n                <h2 class=\"restly-section-title\">Pack \"Gold\"<\/h2> \r\n            <\/div>\r\n        <\/div>\r\n        \t\t\t\t<\/div>\n\t\t\t\t<\/div>\n\t\t\t\t<div class=\"elementor-element elementor-element-c6fa333 elementor-widget-divider--view-line elementor-widget elementor-widget-divider\" data-id=\"c6fa333\" data-element_type=\"widget\" data-e-type=\"widget\" data-widget_type=\"divider.default\">\n\t\t\t\t<div class=\"elementor-widget-container\">\n\t\t\t\t\t\t\t<div class=\"elementor-divider\">\n\t\t\t<span class=\"elementor-divider-separator\">\n\t\t\t\t\t\t<\/span>\n\t\t<\/div>\n\t\t\t\t\t\t<\/div>\n\t\t\t\t<\/div>\n\t\t\t\t<div class=\"elementor-element elementor-element-d649fd6 elementor-widget elementor-widget-restly_ctf7\" data-id=\"d649fd6\" data-element_type=\"widget\" data-e-type=\"widget\" data-widget_type=\"restly_ctf7.default\">\n\t\t\t\t<div class=\"elementor-widget-container\">\n\t\t\t\t\t        <div class=\"restly-ctf7s-wrapper\">\r\n        \n<div class=\"wpcf7 no-js\" id=\"wpcf7-f10128-o1\" lang=\"en-US\" dir=\"ltr\" data-wpcf7-id=\"10128\">\n<div class=\"screen-reader-response\"><p role=\"status\" aria-live=\"polite\" aria-atomic=\"true\"><\/p> <ul><\/ul><\/div>\n<form action=\"\/index.php\/wp-json\/wp\/v2\/pages\/10207#wpcf7-f10128-o1\" method=\"post\" class=\"wpcf7-form init\" aria-label=\"Contact form\" novalidate=\"novalidate\" data-status=\"init\">\n<fieldset class=\"hidden-fields-container\"><input type=\"hidden\" name=\"_wpcf7\" value=\"10128\" \/><input type=\"hidden\" name=\"_wpcf7_version\" value=\"6.1.5\" \/><input type=\"hidden\" name=\"_wpcf7_locale\" value=\"en_US\" \/><input type=\"hidden\" name=\"_wpcf7_unit_tag\" value=\"wpcf7-f10128-o1\" \/><input type=\"hidden\" name=\"_wpcf7_container_post\" value=\"0\" \/><input type=\"hidden\" name=\"_wpcf7_posted_data_hash\" value=\"\" \/><input type=\"hidden\" name=\"_wpcf7_recaptcha_response\" value=\"\" \/>\n<\/fieldset>\n<div class=\"restly-contact-form\">\n    <p>Pour commencer \u00e0 utiliser mafacture.be, remplissez le formulaire ci-dessous :<\/p>\n    <div class=\"row\">\n        <div class=\"col-12 col-md-6\">\n            <div class=\"restly-input email\"><span class=\"wpcf7-form-control-wrap\" data-name=\"youremail\"><input size=\"40\" maxlength=\"400\" class=\"wpcf7-form-control wpcf7-email wpcf7-validates-as-required wpcf7-text wpcf7-validates-as-email\" aria-required=\"true\" aria-invalid=\"false\" placeholder=\"Email professionnel\" value=\"\" type=\"email\" name=\"youremail\" \/><\/span><\/div>\n        <\/div>\n        <div class=\"col-12 col-md-6\">\n            <div class=\"restly-input company\"><span class=\"wpcf7-form-control-wrap\" data-name=\"companyname\"><input size=\"40\" maxlength=\"400\" class=\"wpcf7-form-control wpcf7-text wpcf7-validates-as-required\" aria-required=\"true\" aria-invalid=\"false\" placeholder=\"Nom de soci\u00e9t\u00e9\" value=\"\" type=\"text\" name=\"companyname\" \/><\/span><\/div>\n        <\/div>\n        <div class=\"col-12 col-md-6\">\n            <div class=\"restly-input phone\"><span class=\"wpcf7-form-control-wrap\" data-name=\"yourphone\"><input size=\"40\" maxlength=\"400\" class=\"wpcf7-form-control wpcf7-tel wpcf7-validates-as-required wpcf7-text wpcf7-validates-as-tel\" aria-required=\"true\" aria-invalid=\"false\" placeholder=\"T\u00e9l\u00e9phone\" value=\"\" type=\"tel\" name=\"yourphone\" \/><\/span><\/div>\n        <\/div>\n        <div class=\"col-12 col-md-6\">\n            <div class=\"restly-input country\"><span class=\"wpcf7-form-control-wrap\" data-name=\"country\"><input size=\"40\" maxlength=\"400\" class=\"wpcf7-form-control wpcf7-text wpcf7-validates-as-required\" aria-required=\"true\" aria-invalid=\"false\" placeholder=\"Pays\" value=\"\" type=\"text\" name=\"country\" \/><\/span><\/div>\n        <\/div>\n        <div class=\"col-12 col-md-12\">\n            <div class=\"restly-input appname\">\n                <input type=\"text\" id=\"appname\" name=\"appname\" placeholder=\"Choisissez un nom pour votre espace\" required onkeyup=\"updateURL()\">\n                <br> Votre acc\u00e8s \u00e0 mafacture se fera via : <br> <span id=\"app-url\">https:\/\/VOTRE-NOM-SOCIETE.mafacture.be<\/span>\n            <\/div>\n        <\/div>\n<br> \n        <div class=\"col-12\">\n            <div class=\"restly-input consent\">\n                <span class=\"wpcf7-form-control-wrap\" data-name=\"consent\"><span class=\"wpcf7-form-control wpcf7-checkbox wpcf7-validates-as-required\"><span class=\"wpcf7-list-item first last\"><input type=\"checkbox\" name=\"consent[]\" value=\"J&#039;accepte de recevoir des messages de Mafacture.be y compris des newsletters, des offres promotionnelles et commerciales.\" \/><span class=\"wpcf7-list-item-label\">J&#039;accepte de recevoir des messages de Mafacture.be y compris des newsletters, des offres promotionnelles et commerciales.<\/span><\/span><\/span><\/span>\n            <\/div>\n<br>\n        <\/div>\n        <br><br> \n\n        <div class=\"col-12\">\n            <div class=\"restly-message-btn\">\n                <input class=\"wpcf7-form-control wpcf7-submit has-spinner\" type=\"submit\" value=\"C&#039;est parti !\" \/>\n            <\/div>\n        <\/div>\n    <\/div>\n<\/div>\n\n<script>\n    function updateURL() {\n        let appnameInput = document.getElementById('appname').value;\n        let urlSpan = document.getElementById('app-url');\n        \n        if (appnameInput.trim() !== '') {\n            let sanitizedAppname = appnameInput.replace(\/\\s+\/g, '-').toLowerCase(); \/\/ Remplace les espaces par des tirets\n            urlSpan.textContent = `https:\/\/${sanitizedAppname}.mafacture.be`;\n        } else {\n            urlSpan.textContent = `https:\/\/VOTRE-NOM-SOCIETE.mafacture.be`;\n        }\n    }\n<\/script><p style=\"display: none !important;\" class=\"akismet-fields-container\" data-prefix=\"_wpcf7_ak_\"><label>&#916;<textarea name=\"_wpcf7_ak_hp_textarea\" cols=\"45\" rows=\"8\" maxlength=\"100\"><\/textarea><\/label><input type=\"hidden\" id=\"ak_js_1\" name=\"_wpcf7_ak_js\" value=\"31\"\/><script>document.getElementById( \"ak_js_1\" ).setAttribute( \"value\", ( new Date() ).getTime() );<\/script><\/p><div class=\"wpcf7-response-output\" aria-hidden=\"true\"><\/div>\n<\/form>\n<\/div>\n        <\/div>\r\n        \t\t\t\t<\/div>\n\t\t\t\t<\/div>\n\t\t\t\t\t<\/div>\n\t\t<\/div>\n\t\t\t\t\t<\/div>\n\t\t<\/section>\n\t\t\t\t<\/div>\n\t\t","protected":false},"excerpt":{"rendered":"<p>D\u00e9marrez avec mafacture.be Pack \u00ab\u00a0Gold\u00a0\u00bb Pour commencer \u00e0 utiliser mafacture.be, remplissez le formulaire ci-dessous : Votre acc\u00e8s \u00e0 mafacture se fera via : https:\/\/VOTRE-NOM-SOCIETE.mafacture.be J&#039;accepte de recevoir des messages de Mafacture.be y compris des newsletters, des offres promotionnelles et commerciales. &#916;<\/p>\n","protected":false},"author":1,"featured_media":0,"parent":0,"menu_order":0,"comment_status":"closed","ping_status":"closed","template":"","meta":{"footnotes":""},"class_list":["post-10207","page","type-page","status-publish","hentry"],"_links":{"self":[{"href":"https:\/\/mafacture.be\/index.php\/wp-json\/wp\/v2\/pages\/10207","targetHints":{"allow":["GET"]}}],"collection":[{"href":"https:\/\/mafacture.be\/index.php\/wp-json\/wp\/v2\/pages"}],"about":[{"href":"https:\/\/mafacture.be\/index.php\/wp-json\/wp\/v2\/types\/page"}],"author":[{"embeddable":true,"href":"https:\/\/mafacture.be\/index.php\/wp-json\/wp\/v2\/users\/1"}],"replies":[{"embeddable":true,"href":"https:\/\/mafacture.be\/index.php\/wp-json\/wp\/v2\/comments?post=10207"}],"version-history":[{"count":4,"href":"https:\/\/mafacture.be\/index.php\/wp-json\/wp\/v2\/pages\/10207\/revisions"}],"predecessor-version":[{"id":10212,"href":"https:\/\/mafacture.be\/index.php\/wp-json\/wp\/v2\/pages\/10207\/revisions\/10212"}],"wp:attachment":[{"href":"https:\/\/mafacture.be\/index.php\/wp-json\/wp\/v2\/media?parent=10207"}],"curies":[{"name":"wp","href":"https:\/\/api.w.org\/{rel}","templated":true}]}}