{"id":4125,"date":"2021-10-04T14:39:49","date_gmt":"2021-10-04T14:39:49","guid":{"rendered":"https:\/\/wptf.themepul.co\/restly\/?page_id=4125"},"modified":"2025-02-19T11:52:12","modified_gmt":"2025-02-19T10:52:12","slug":"contact-info","status":"publish","type":"page","link":"https:\/\/mafacture.be\/index.php\/contact-info\/","title":{"rendered":"Contact"},"content":{"rendered":"\t\t<div data-elementor-type=\"wp-page\" data-elementor-id=\"4125\" class=\"elementor elementor-4125\">\n\t\t\t\t\t\t<section class=\"elementor-section elementor-top-section elementor-element elementor-element-49a3615 elementor-section-boxed elementor-section-height-default elementor-section-height-default\" data-id=\"49a3615\" data-element_type=\"section\" data-e-type=\"section\">\n\t\t\t\t\t\t<div class=\"elementor-container elementor-column-gap-default\">\n\t\t\t\t\t<div class=\"elementor-column elementor-col-100 elementor-top-column elementor-element elementor-element-0d7fc97\" data-id=\"0d7fc97\" data-element_type=\"column\" data-e-type=\"column\">\n\t\t\t<div class=\"elementor-widget-wrap elementor-element-populated\">\n\t\t\t\t\t\t<div class=\"elementor-element elementor-element-0070a91 elementor-widget elementor-widget-restly_title\" data-id=\"0070a91\" data-element_type=\"widget\" data-e-type=\"widget\" data-widget_type=\"restly_title.default\">\n\t\t\t\t<div class=\"elementor-widget-container\">\n\t\t\t\t\t        <div class=\"restly-section-title-wrapper\">\r\n            <div class=\"restly-section-title\">\r\n                <h6 class=\"restly-section-stitle\"><span>\ud83d\udcac Besoin d\u2019un coup de main ? On est l\u00e0 pour vous !<\/span><\/h6>                \r\n                <h2 class=\"restly-section-title\">Vous avez une question sur nos solutions ERP, besoin d\u2019un conseil ou envie d\u2019en savoir plus sur mafacture.be ? <\/h2> \r\n            <\/div>\r\n        <\/div>\r\n        \t\t\t\t<\/div>\n\t\t\t\t<\/div>\n\t\t\t\t<div class=\"elementor-element elementor-element-fda9477 elementor-widget elementor-widget-heading\" data-id=\"fda9477\" data-element_type=\"widget\" data-e-type=\"widget\" data-widget_type=\"heading.default\">\n\t\t\t\t<div class=\"elementor-widget-container\">\n\t\t\t\t\t<h2 class=\"elementor-heading-title elementor-size-default\">Envie d\u2019une r\u00e9ponse rapide ? Contactez-nous en quelques clics ! <\/h2>\t\t\t\t<\/div>\n\t\t\t\t<\/div>\n\t\t\t\t<div class=\"elementor-element elementor-element-402eab9 elementor-widget elementor-widget-restly_ctf7\" data-id=\"402eab9\" data-element_type=\"widget\" data-e-type=\"widget\" data-widget_type=\"restly_ctf7.default\">\n\t\t\t\t<div class=\"elementor-widget-container\">\n\t\t\t\t\t        <div class=\"restly-ctf7s-wrapper\">\r\n        \n<div class=\"wpcf7 no-js\" id=\"wpcf7-f9980-o1\" lang=\"en-US\" dir=\"ltr\" data-wpcf7-id=\"9980\">\n<div class=\"screen-reader-response\"><p role=\"status\" aria-live=\"polite\" aria-atomic=\"true\"><\/p> <ul><\/ul><\/div>\n<form action=\"\/index.php\/wp-json\/wp\/v2\/pages\/4125#wpcf7-f9980-o1\" method=\"post\" class=\"wpcf7-form init\" aria-label=\"Contact form\" novalidate=\"novalidate\" data-status=\"init\">\n<fieldset class=\"hidden-fields-container\"><input type=\"hidden\" name=\"_wpcf7\" value=\"9980\" \/><input type=\"hidden\" name=\"_wpcf7_version\" value=\"6.1.5\" \/><input type=\"hidden\" name=\"_wpcf7_locale\" value=\"en_US\" \/><input type=\"hidden\" name=\"_wpcf7_unit_tag\" value=\"wpcf7-f9980-o1\" \/><input type=\"hidden\" name=\"_wpcf7_container_post\" value=\"0\" \/><input type=\"hidden\" name=\"_wpcf7_posted_data_hash\" value=\"\" \/><input type=\"hidden\" name=\"_wpcf7_recaptcha_response\" value=\"\" \/>\n<\/fieldset>\n<div class=\"restly-contact-form\">\n    <div class=\"row\">\n        <div class=\"col-12 col-md-6\">\n            <div class=\"restly-input name\"><span class=\"wpcf7-form-control-wrap\" data-name=\"fullname\"><input size=\"40\" maxlength=\"400\" class=\"wpcf7-form-control wpcf7-text wpcf7-validates-as-required\" aria-required=\"true\" aria-invalid=\"false\" placeholder=\"Nom et pr\u00e9nom\" value=\"\" type=\"text\" name=\"fullname\" \/><\/span><\/div>\n        <\/div>\n        <div class=\"col-12 col-md-6\">\n            <div class=\"restly-input company\"><span class=\"wpcf7-form-control-wrap\" data-name=\"companyname\"><input size=\"40\" maxlength=\"400\" class=\"wpcf7-form-control wpcf7-text wpcf7-validates-as-required\" aria-required=\"true\" aria-invalid=\"false\" placeholder=\"Nom de l&#039;entreprise\" value=\"\" type=\"text\" name=\"companyname\" \/><\/span><\/div>\n        <\/div>\n        <div class=\"col-12 col-md-6\">\n            <div class=\"restly-input email\"><span class=\"wpcf7-form-control-wrap\" data-name=\"youremail\"><input size=\"40\" maxlength=\"400\" class=\"wpcf7-form-control wpcf7-email wpcf7-validates-as-required wpcf7-text wpcf7-validates-as-email\" aria-required=\"true\" aria-invalid=\"false\" placeholder=\"Email professionnel\" value=\"\" type=\"email\" name=\"youremail\" \/><\/span><\/div>\n        <\/div>\n        <div class=\"col-12 col-md-6\">\n            <div class=\"restly-input phone\"><span class=\"wpcf7-form-control-wrap\" data-name=\"yourphone\"><input size=\"40\" maxlength=\"400\" class=\"wpcf7-form-control wpcf7-tel wpcf7-validates-as-required wpcf7-text wpcf7-validates-as-tel\" aria-required=\"true\" aria-invalid=\"false\" placeholder=\"Num\u00e9ro de t\u00e9l\u00e9phone\" value=\"\" type=\"tel\" name=\"yourphone\" \/><\/span><\/div>\n        <\/div>\n        <div class=\"col-12 col-md-12\">\n            <div class=\"restly-input website\"><span class=\"wpcf7-form-control-wrap\" data-name=\"yourwebsite\"><input size=\"40\" maxlength=\"400\" class=\"wpcf7-form-control wpcf7-url wpcf7-text wpcf7-validates-as-url\" aria-invalid=\"false\" placeholder=\"Site web (optionnel)\" value=\"\" type=\"url\" name=\"yourwebsite\" \/><\/span><\/div>\n        <\/div>\n        <div class=\"col-12 col-md-12\">\n            <div class=\"restly-input select\"><span class=\"wpcf7-form-control-wrap\" data-name=\"tarif-option\"><select class=\"wpcf7-form-control wpcf7-select wpcf7-validates-as-required\" aria-required=\"true\" aria-invalid=\"false\" name=\"tarif-option\"><option value=\"Type de soci\u00e9t\u00e9\">Type de soci\u00e9t\u00e9<\/option><option value=\"Starter ou ind\u00e9pendant\">Starter ou ind\u00e9pendant<\/option><option value=\"Entreprise (PME)\">Entreprise (PME)<\/option><option value=\"Gold (besoin avanc\u00e9s)\">Gold (besoin avanc\u00e9s)<\/option><\/select><\/span><\/div>\n        <\/div>\n        <div class=\"col-12 col-md-12\">\n            <div class=\"restly-input message\"><span class=\"wpcf7-form-control-wrap\" data-name=\"WriteMessage\"><textarea cols=\"10\" rows=\"5\" maxlength=\"2000\" class=\"wpcf7-form-control wpcf7-textarea wpcf7-validates-as-required\" aria-required=\"true\" aria-invalid=\"false\" placeholder=\"D\u00e9crivez vos besoins ou attentes\" name=\"WriteMessage\"><\/textarea><\/span><\/div>\n        <\/div>\n        <div class=\"col-12 col-md-12\">\n            <div class=\"restly-message-btn\">\n                <input class=\"wpcf7-form-control wpcf7-submit has-spinner\" type=\"submit\" value=\"Demander une d\u00e9mo\" \/>\n            <\/div>\n        <\/div>\n    <\/div>\n<\/div><p style=\"display: none !important;\" class=\"akismet-fields-container\" data-prefix=\"_wpcf7_ak_\"><label>&#916;<textarea name=\"_wpcf7_ak_hp_textarea\" cols=\"45\" rows=\"8\" maxlength=\"100\"><\/textarea><\/label><input type=\"hidden\" id=\"ak_js_1\" name=\"_wpcf7_ak_js\" value=\"244\"\/><script>document.getElementById( \"ak_js_1\" ).setAttribute( \"value\", ( new Date() ).getTime() );<\/script><\/p><div class=\"wpcf7-response-output\" aria-hidden=\"true\"><\/div>\n<\/form>\n<\/div>\n        <\/div>\r\n        \t\t\t\t<\/div>\n\t\t\t\t<\/div>\n\t\t\t\t<section class=\"elementor-section elementor-inner-section elementor-element elementor-element-52b5a42 elementor-section-boxed elementor-section-height-default elementor-section-height-default\" data-id=\"52b5a42\" data-element_type=\"section\" data-e-type=\"section\">\n\t\t\t\t\t\t<div class=\"elementor-container elementor-column-gap-default\">\n\t\t\t\t\t<div class=\"elementor-column elementor-col-33 elementor-inner-column elementor-element elementor-element-f3d8ad5\" data-id=\"f3d8ad5\" data-element_type=\"column\" data-e-type=\"column\">\n\t\t\t<div class=\"elementor-widget-wrap elementor-element-populated\">\n\t\t\t\t\t\t<div class=\"elementor-element elementor-element-930c726 elementor-widget elementor-widget-restly_contactinfo_box\" data-id=\"930c726\" data-element_type=\"widget\" data-e-type=\"widget\" data-widget_type=\"restly_contactinfo_box.default\">\n\t\t\t\t<div class=\"elementor-widget-container\">\n\t\t\t\t\t        <div class=\"restly-contactinfo-box-wrapper\">\r\n            <div class=\"restly-contact-info-box\">\r\n                <div class=\"restly-cinfo-box-icon\">\r\n                    <i class=\"fas fa-map-marked-alt\"><\/i>\r\n                <\/div>\r\n                <div class=\"restly-cinfo-box-dec\">\r\n                    <p>Rue du Puits-Saint-Martin 21, 5330 Assesse<\/p>                <\/div>\r\n                            <\/div>\r\n        <\/div>\r\n        \t\t\t\t<\/div>\n\t\t\t\t<\/div>\n\t\t\t\t\t<\/div>\n\t\t<\/div>\n\t\t\t\t<div class=\"elementor-column elementor-col-33 elementor-inner-column elementor-element elementor-element-856fb9c\" data-id=\"856fb9c\" data-element_type=\"column\" data-e-type=\"column\">\n\t\t\t<div class=\"elementor-widget-wrap elementor-element-populated\">\n\t\t\t\t\t\t<div class=\"elementor-element elementor-element-a51f256 elementor-widget elementor-widget-restly_contactinfo_box\" data-id=\"a51f256\" data-element_type=\"widget\" data-e-type=\"widget\" data-widget_type=\"restly_contactinfo_box.default\">\n\t\t\t\t<div class=\"elementor-widget-container\">\n\t\t\t\t\t        <div class=\"restly-contactinfo-box-wrapper\">\r\n            <div class=\"restly-contact-info-box\">\r\n                <div class=\"restly-cinfo-box-icon\">\r\n                    <i class=\"flaticon flaticon-email\"><\/i>\r\n                <\/div>\r\n                <div class=\"restly-cinfo-box-dec\">\r\n                    <p>info@mafacture.be<\/p>                <\/div>\r\n                            <\/div>\r\n        <\/div>\r\n        \t\t\t\t<\/div>\n\t\t\t\t<\/div>\n\t\t\t\t\t<\/div>\n\t\t<\/div>\n\t\t\t\t<div class=\"elementor-column elementor-col-33 elementor-inner-column elementor-element elementor-element-09eff45\" data-id=\"09eff45\" data-element_type=\"column\" data-e-type=\"column\">\n\t\t\t<div class=\"elementor-widget-wrap elementor-element-populated\">\n\t\t\t\t\t\t<div class=\"elementor-element elementor-element-2af3b70 elementor-widget elementor-widget-restly_contactinfo_box\" data-id=\"2af3b70\" data-element_type=\"widget\" data-e-type=\"widget\" data-widget_type=\"restly_contactinfo_box.default\">\n\t\t\t\t<div class=\"elementor-widget-container\">\n\t\t\t\t\t        <div class=\"restly-contactinfo-box-wrapper\">\r\n            <div class=\"restly-contact-info-box\">\r\n                <div class=\"restly-cinfo-box-icon\">\r\n                    <i class=\"ico ico-phone-handset\"><\/i>\r\n                <\/div>\r\n                <div class=\"restly-cinfo-box-dec\">\r\n                    <p>+32 472 88 18 33<\/p>                <\/div>\r\n                            <\/div>\r\n        <\/div>\r\n        \t\t\t\t<\/div>\n\t\t\t\t<\/div>\n\t\t\t\t\t<\/div>\n\t\t<\/div>\n\t\t\t\t\t<\/div>\n\t\t<\/section>\n\t\t\t\t\t<\/div>\n\t\t<\/div>\n\t\t\t\t\t<\/div>\n\t\t<\/section>\n\t\t\t\t<\/div>\n\t\t","protected":false},"excerpt":{"rendered":"<p>\ud83d\udcac Besoin d\u2019un coup de main ? On est l\u00e0 pour vous ! Vous avez une question sur nos solutions ERP, besoin d\u2019un conseil ou envie d\u2019en savoir plus sur mafacture.be ? Envie d\u2019une r\u00e9ponse rapide ? Contactez-nous en quelques clics ! Type de soci\u00e9t\u00e9Starter ou ind\u00e9pendantEntreprise (PME)Gold (besoin avanc\u00e9s) &#916; Rue du Puits-Saint-Martin 21, [&hellip;]<\/p>\n","protected":false},"author":1,"featured_media":0,"parent":0,"menu_order":0,"comment_status":"closed","ping_status":"closed","template":"blank-template.php","meta":{"footnotes":""},"class_list":["post-4125","page","type-page","status-publish","hentry"],"_links":{"self":[{"href":"https:\/\/mafacture.be\/index.php\/wp-json\/wp\/v2\/pages\/4125","targetHints":{"allow":["GET"]}}],"collection":[{"href":"https:\/\/mafacture.be\/index.php\/wp-json\/wp\/v2\/pages"}],"about":[{"href":"https:\/\/mafacture.be\/index.php\/wp-json\/wp\/v2\/types\/page"}],"author":[{"embeddable":true,"href":"https:\/\/mafacture.be\/index.php\/wp-json\/wp\/v2\/users\/1"}],"replies":[{"embeddable":true,"href":"https:\/\/mafacture.be\/index.php\/wp-json\/wp\/v2\/comments?post=4125"}],"version-history":[{"count":10,"href":"https:\/\/mafacture.be\/index.php\/wp-json\/wp\/v2\/pages\/4125\/revisions"}],"predecessor-version":[{"id":10161,"href":"https:\/\/mafacture.be\/index.php\/wp-json\/wp\/v2\/pages\/4125\/revisions\/10161"}],"wp:attachment":[{"href":"https:\/\/mafacture.be\/index.php\/wp-json\/wp\/v2\/media?parent=4125"}],"curies":[{"name":"wp","href":"https:\/\/api.w.org\/{rel}","templated":true}]}}