{"id":9887,"date":"2025-01-27T08:56:18","date_gmt":"2025-01-27T07:56:18","guid":{"rendered":"https:\/\/mafacture.be\/?page_id=9887"},"modified":"2025-01-31T15:49:04","modified_gmt":"2025-01-31T14:49:04","slug":"mafacture-be-pour-les-architectes","status":"publish","type":"page","link":"https:\/\/mafacture.be\/index.php\/mafacture-be-pour-les-architectes\/","title":{"rendered":"Mafacture.be pour les architectes"},"content":{"rendered":"\t\t<div data-elementor-type=\"wp-page\" data-elementor-id=\"9887\" class=\"elementor elementor-9887\">\n\t\t\t\t<div class=\"elementor-element elementor-element-57bb502 e-flex e-con-boxed e-con e-parent\" data-id=\"57bb502\" data-element_type=\"container\" data-e-type=\"container\">\n\t\t\t\t\t<div class=\"e-con-inner\">\n\t\t\t\t<div class=\"elementor-element elementor-element-08dd9ec elementor-widget elementor-widget-restly_title2\" data-id=\"08dd9ec\" data-element_type=\"widget\" data-e-type=\"widget\" data-widget_type=\"restly_title2.default\">\n\t\t\t\t<div class=\"elementor-widget-container\">\n\t\t\t\t\t        <div class=\"section-title-wrapper-v2\">\r\n            <div class=\"section-title\">\r\n                                    <span class=\"sub-title-two\"\r\n                                        >ERP pour architectes \ud83c\udfd7\ufe0f<\/span>\r\n                                <h2 class=\"section-h2\">Gagnez du temps, structurez votre gestion \u23f3\ud83d\udcc2<\/h2>\r\n            <\/div>\r\n        <\/div>\r\n        \t\t\t\t<\/div>\n\t\t\t\t<\/div>\n\t\t\t\t\t<\/div>\n\t\t\t\t<\/div>\n\t\t<div class=\"elementor-element elementor-element-e5d2cfa e-flex e-con-boxed e-con e-parent\" data-id=\"e5d2cfa\" data-element_type=\"container\" data-e-type=\"container\">\n\t\t\t\t\t<div class=\"e-con-inner\">\n\t\t\t\t<div class=\"elementor-element elementor-element-ae8fded elementor-widget__width-initial elementor-widget elementor-widget-text-editor\" data-id=\"ae8fded\" data-element_type=\"widget\" data-e-type=\"widget\" data-widget_type=\"text-editor.default\">\n\t\t\t\t<div class=\"elementor-widget-container\">\n\t\t\t\t\t\t\t\t\t<p>L&rsquo;architecture, c&rsquo;est avant tout de la cr\u00e9ation, mais aussi une gestion rigoureuse des projets, des clients et des finances. Plans, factures, d\u00e9lais&#8230; Tout doit \u00eatre organis\u00e9 pour assurer un suivi fluide et sans accroc. Pourtant, jongler entre les e-mails, les tableurs et les outils disparates devient vite un casse-t\u00eate \ud83e\udd2f. Et si vous pouviez tout centraliser sur une seule plateforme ? C&rsquo;est l\u00e0 que <a>mafacture.be<\/a> entre en jeu. \ud83d\ude80<\/p>\n\t\t\t\t\t\t\t\t<\/div>\n\t\t\t\t<\/div>\n\t\t\t\t<div class=\"elementor-element elementor-element-e408a39 elementor-widget__width-initial elementor-widget elementor-widget-text-editor\" data-id=\"e408a39\" data-element_type=\"widget\" data-e-type=\"widget\" data-widget_type=\"text-editor.default\">\n\t\t\t\t<div class=\"elementor-widget-container\">\n\t\t\t\t\t\t\t\t\t\n<h2><strong>En quoi l\u2019ERP va vous aider demain ?<\/strong><\/h2>\n<p>Un ERP adapt\u00e9 aux PME permet de :<br \/>\u2705 Automatiser la facturation et \u00e9viter les erreurs humaines<br \/>\u2705 Suivre l\u2019\u00e9tat des paiements et relancer automatiquement les clients en retard<br \/>\u2705 G\u00e9rer les stocks en temps r\u00e9el pour \u00e9viter les ruptures ou le surstockage<br \/>\u2705 Piloter les finances avec une vision claire de votre tr\u00e9sorerie<br \/>\u2705 Faciliter la collaboration avec vos \u00e9quipes gr\u00e2ce \u00e0 une plateforme unique<\/p>\n<p>Avec <a href=\"http:\/\/mafacture.be\" target=\"_new\" rel=\"noopener\">mafacture.be<\/a>, toutes ces t\u00e2ches sont g\u00e9r\u00e9es en quelques clics.<\/p>\n<p>\u00a0<\/p>\n<h2><strong>\ud83d\ude80 Comment \u00e7a fonctionne sur mafacture.be ?<\/strong><\/h2>\n<ul data-spread=\"false\" data-pm-slice=\"3 1 []\">\n<li>\n<p><strong>Gestion des projets<\/strong> \ud83d\udccc : Suivez l&rsquo;avancement de vos chantiers, assignez des t\u00e2ches et assurez une communication fluide avec vos clients et partenaires.<\/p>\n<\/li>\n<li>\n<p><strong>Facturation et devis simplifi\u00e9s<\/strong> \ud83d\udcb0 : G\u00e9n\u00e9rez vos devis en quelques clics, transformez-les en factures automatiquement et suivez vos paiements sans stress.<\/p>\n<\/li>\n<li>\n<p><strong>Suivi des d\u00e9penses<\/strong> \ud83d\udcca : Cat\u00e9gorisez vos achats, anticipez vos co\u00fbts et optimisez vos budgets en toute transparence.<\/p>\n<\/li>\n<li>\n<p><strong>Biblioth\u00e8que de documents<\/strong> \ud83d\udcc1 : Stockez et partagez vos plans, contrats et documents importants sur une plateforme s\u00e9curis\u00e9e.<\/p>\n<\/li>\n<li>\n<p><strong>Acc\u00e8s en ligne, partout et tout le temps<\/strong> \ud83c\udf0d\ud83d\udcf1 : Plus besoin d&rsquo;\u00eatre au bureau, votre ERP est disponible sur ordinateur, tablette et mobile.<\/p>\n<\/li>\n<\/ul>\n<p>\u00a0<\/p>\n\t\t\t\t\t\t\t\t<\/div>\n\t\t\t\t<\/div>\n\t\t\t\t\t<\/div>\n\t\t\t\t<\/div>\n\t\t<div class=\"elementor-element elementor-element-293a486 e-flex e-con-boxed e-con e-parent\" data-id=\"293a486\" data-element_type=\"container\" data-e-type=\"container\">\n\t\t\t\t\t<div class=\"e-con-inner\">\n\t\t\t\t<div class=\"elementor-element elementor-element-0e7a791 elementor-widget elementor-widget-restly_contact_info\" data-id=\"0e7a791\" data-element_type=\"widget\" data-e-type=\"widget\" data-widget_type=\"restly_contact_info.default\">\n\t\t\t\t<div class=\"elementor-widget-container\">\n\t\t\t\t\t        <div class=\"restly-contact-info-warpper\">\r\n            <div class=\"restly-contact-info\">\r\n                <h2 class=\"contact-info-title\">N&#039;attendez plus !<\/h2>                <div class=\"restly-contact-info-items\">\r\n                                        <div class=\"restly-cinfo d-flex align-items-center\">\r\n                        <div class=\"restly-cinfo-icon\">\r\n                            <i class=\"bi bi-telephone\"><\/i>\r\n                        <\/div>\r\n                        <div class=\"restly-cinfo-dec\">\r\n                            <span>Adopter mafacture.be c\u2019est r\u00e9volutionner votre mani\u00e8re de travailler.<\/span>\r\n                            <p>+32 (0)472.88.18.33<\/p>                        <\/div>\r\n                    <\/div>\r\n                                    <\/div>\r\n            <\/div>\r\n        <\/div>\r\n        \t\t\t\t<\/div>\n\t\t\t\t<\/div>\n\t\t\t\t<div class=\"elementor-element elementor-element-8660ef6 elementor-widget elementor-widget-restly_title\" data-id=\"8660ef6\" data-element_type=\"widget\" data-e-type=\"widget\" data-widget_type=\"restly_title.default\">\n\t\t\t\t<div class=\"elementor-widget-container\">\n\t\t\t\t\t        <div class=\"restly-section-title-wrapper\">\r\n            <div class=\"restly-section-title\">\r\n                <h6 class=\"restly-section-stitle\"><span>l\u2019ERP qui booste votre entreprise<\/span><\/h6>                \r\n                <h2 class=\"restly-section-title\">\ud83d\ude80 R\u00e9servez votre d\u00e9mo gratuite !<\/h2> \r\n            <\/div>\r\n        <\/div>\r\n        \t\t\t\t<\/div>\n\t\t\t\t<\/div>\n\t\t\t\t<div class=\"elementor-element elementor-element-f6fc791 elementor-widget elementor-widget-restly_ctf7\" data-id=\"f6fc791\" data-element_type=\"widget\" data-e-type=\"widget\" data-widget_type=\"restly_ctf7.default\">\n\t\t\t\t<div class=\"elementor-widget-container\">\n\t\t\t\t\t        <div class=\"restly-ctf7s-wrapper\">\r\n        \n<div class=\"wpcf7 no-js\" id=\"wpcf7-f9980-o1\" lang=\"en-US\" dir=\"ltr\" data-wpcf7-id=\"9980\">\n<div class=\"screen-reader-response\"><p role=\"status\" aria-live=\"polite\" aria-atomic=\"true\"><\/p> <ul><\/ul><\/div>\n<form action=\"\/index.php\/wp-json\/wp\/v2\/pages\/9887#wpcf7-f9980-o1\" method=\"post\" class=\"wpcf7-form init\" aria-label=\"Contact form\" novalidate=\"novalidate\" data-status=\"init\">\n<fieldset class=\"hidden-fields-container\"><input type=\"hidden\" name=\"_wpcf7\" value=\"9980\" \/><input type=\"hidden\" name=\"_wpcf7_version\" value=\"6.1.5\" \/><input type=\"hidden\" name=\"_wpcf7_locale\" value=\"en_US\" \/><input type=\"hidden\" name=\"_wpcf7_unit_tag\" value=\"wpcf7-f9980-o1\" \/><input type=\"hidden\" name=\"_wpcf7_container_post\" value=\"0\" \/><input type=\"hidden\" name=\"_wpcf7_posted_data_hash\" value=\"\" \/><input type=\"hidden\" name=\"_wpcf7_recaptcha_response\" value=\"\" \/>\n<\/fieldset>\n<div class=\"restly-contact-form\">\n    <div class=\"row\">\n        <div class=\"col-12 col-md-6\">\n            <div class=\"restly-input name\"><span class=\"wpcf7-form-control-wrap\" data-name=\"fullname\"><input size=\"40\" maxlength=\"400\" class=\"wpcf7-form-control wpcf7-text wpcf7-validates-as-required\" aria-required=\"true\" aria-invalid=\"false\" placeholder=\"Nom et pr\u00e9nom\" value=\"\" type=\"text\" name=\"fullname\" \/><\/span><\/div>\n        <\/div>\n        <div class=\"col-12 col-md-6\">\n            <div class=\"restly-input company\"><span class=\"wpcf7-form-control-wrap\" data-name=\"companyname\"><input size=\"40\" maxlength=\"400\" class=\"wpcf7-form-control wpcf7-text wpcf7-validates-as-required\" aria-required=\"true\" aria-invalid=\"false\" placeholder=\"Nom de l&#039;entreprise\" value=\"\" type=\"text\" name=\"companyname\" \/><\/span><\/div>\n        <\/div>\n        <div class=\"col-12 col-md-6\">\n            <div class=\"restly-input email\"><span class=\"wpcf7-form-control-wrap\" data-name=\"youremail\"><input size=\"40\" maxlength=\"400\" class=\"wpcf7-form-control wpcf7-email wpcf7-validates-as-required wpcf7-text wpcf7-validates-as-email\" aria-required=\"true\" aria-invalid=\"false\" placeholder=\"Email professionnel\" value=\"\" type=\"email\" name=\"youremail\" \/><\/span><\/div>\n        <\/div>\n        <div class=\"col-12 col-md-6\">\n            <div class=\"restly-input phone\"><span class=\"wpcf7-form-control-wrap\" data-name=\"yourphone\"><input size=\"40\" maxlength=\"400\" class=\"wpcf7-form-control wpcf7-tel wpcf7-validates-as-required wpcf7-text wpcf7-validates-as-tel\" aria-required=\"true\" aria-invalid=\"false\" placeholder=\"Num\u00e9ro de t\u00e9l\u00e9phone\" value=\"\" type=\"tel\" name=\"yourphone\" \/><\/span><\/div>\n        <\/div>\n        <div class=\"col-12 col-md-12\">\n            <div class=\"restly-input website\"><span class=\"wpcf7-form-control-wrap\" data-name=\"yourwebsite\"><input size=\"40\" maxlength=\"400\" class=\"wpcf7-form-control wpcf7-url wpcf7-text wpcf7-validates-as-url\" aria-invalid=\"false\" placeholder=\"Site web (optionnel)\" value=\"\" type=\"url\" name=\"yourwebsite\" \/><\/span><\/div>\n        <\/div>\n        <div class=\"col-12 col-md-12\">\n            <div class=\"restly-input select\"><span class=\"wpcf7-form-control-wrap\" data-name=\"tarif-option\"><select class=\"wpcf7-form-control wpcf7-select wpcf7-validates-as-required\" aria-required=\"true\" aria-invalid=\"false\" name=\"tarif-option\"><option value=\"Type de soci\u00e9t\u00e9\">Type de soci\u00e9t\u00e9<\/option><option value=\"Starter ou ind\u00e9pendant\">Starter ou ind\u00e9pendant<\/option><option value=\"Entreprise (PME)\">Entreprise (PME)<\/option><option value=\"Gold (besoin avanc\u00e9s)\">Gold (besoin avanc\u00e9s)<\/option><\/select><\/span><\/div>\n        <\/div>\n        <div class=\"col-12 col-md-12\">\n            <div class=\"restly-input message\"><span class=\"wpcf7-form-control-wrap\" data-name=\"WriteMessage\"><textarea cols=\"10\" rows=\"5\" maxlength=\"2000\" class=\"wpcf7-form-control wpcf7-textarea wpcf7-validates-as-required\" aria-required=\"true\" aria-invalid=\"false\" placeholder=\"D\u00e9crivez vos besoins ou attentes\" name=\"WriteMessage\"><\/textarea><\/span><\/div>\n        <\/div>\n        <div class=\"col-12 col-md-12\">\n            <div class=\"restly-message-btn\">\n                <input class=\"wpcf7-form-control wpcf7-submit has-spinner\" type=\"submit\" value=\"Demander une d\u00e9mo\" \/>\n            <\/div>\n        <\/div>\n    <\/div>\n<\/div><p style=\"display: none !important;\" class=\"akismet-fields-container\" data-prefix=\"_wpcf7_ak_\"><label>&#916;<textarea name=\"_wpcf7_ak_hp_textarea\" cols=\"45\" rows=\"8\" maxlength=\"100\"><\/textarea><\/label><input type=\"hidden\" id=\"ak_js_1\" name=\"_wpcf7_ak_js\" value=\"173\"\/><script>document.getElementById( \"ak_js_1\" ).setAttribute( \"value\", ( new Date() ).getTime() );<\/script><\/p><div class=\"wpcf7-response-output\" aria-hidden=\"true\"><\/div>\n<\/form>\n<\/div>\n        <\/div>\r\n        \t\t\t\t<\/div>\n\t\t\t\t<\/div>\n\t\t\t\t\t<\/div>\n\t\t\t\t<\/div>\n\t\t\t\t<\/div>\n\t\t","protected":false},"excerpt":{"rendered":"<p>ERP pour architectes \ud83c\udfd7\ufe0f Gagnez du temps, structurez votre gestion \u23f3\ud83d\udcc2 L&rsquo;architecture, c&rsquo;est avant tout de la cr\u00e9ation, mais aussi une gestion rigoureuse des projets, des clients et des finances. Plans, factures, d\u00e9lais&#8230; Tout doit \u00eatre organis\u00e9 pour assurer un suivi fluide et sans accroc. Pourtant, jongler entre les e-mails, les tableurs et les outils [&hellip;]<\/p>\n","protected":false},"author":1,"featured_media":0,"parent":0,"menu_order":0,"comment_status":"closed","ping_status":"closed","template":"","meta":{"footnotes":""},"class_list":["post-9887","page","type-page","status-publish","hentry"],"_links":{"self":[{"href":"https:\/\/mafacture.be\/index.php\/wp-json\/wp\/v2\/pages\/9887","targetHints":{"allow":["GET"]}}],"collection":[{"href":"https:\/\/mafacture.be\/index.php\/wp-json\/wp\/v2\/pages"}],"about":[{"href":"https:\/\/mafacture.be\/index.php\/wp-json\/wp\/v2\/types\/page"}],"author":[{"embeddable":true,"href":"https:\/\/mafacture.be\/index.php\/wp-json\/wp\/v2\/users\/1"}],"replies":[{"embeddable":true,"href":"https:\/\/mafacture.be\/index.php\/wp-json\/wp\/v2\/comments?post=9887"}],"version-history":[{"count":13,"href":"https:\/\/mafacture.be\/index.php\/wp-json\/wp\/v2\/pages\/9887\/revisions"}],"predecessor-version":[{"id":9998,"href":"https:\/\/mafacture.be\/index.php\/wp-json\/wp\/v2\/pages\/9887\/revisions\/9998"}],"wp:attachment":[{"href":"https:\/\/mafacture.be\/index.php\/wp-json\/wp\/v2\/media?parent=9887"}],"curies":[{"name":"wp","href":"https:\/\/api.w.org\/{rel}","templated":true}]}}