{"id":9923,"date":"2025-01-28T11:43:45","date_gmt":"2025-01-28T10:43:45","guid":{"rendered":"https:\/\/mafacture.be\/?page_id=9923"},"modified":"2025-02-17T12:47:44","modified_gmt":"2025-02-17T11:47:44","slug":"mafacture-be-pour-les-consultants","status":"publish","type":"page","link":"https:\/\/mafacture.be\/index.php\/mafacture-be-pour-les-consultants\/","title":{"rendered":"Mafacture.be pour les consultants"},"content":{"rendered":"\t\t<div data-elementor-type=\"wp-page\" data-elementor-id=\"9923\" class=\"elementor elementor-9923\">\n\t\t\t\t<div class=\"elementor-element elementor-element-6b8b8260 e-flex e-con-boxed e-con e-parent\" data-id=\"6b8b8260\" data-element_type=\"container\" data-e-type=\"container\">\n\t\t\t\t\t<div class=\"e-con-inner\">\n\t\t\t\t\t<\/div>\n\t\t\t\t<\/div>\n\t\t<div class=\"elementor-element elementor-element-852e396 e-flex e-con-boxed e-con e-parent\" data-id=\"852e396\" data-element_type=\"container\" data-e-type=\"container\">\n\t\t\t\t\t<div class=\"e-con-inner\">\n\t\t\t\t<div class=\"elementor-element elementor-element-0bf0f2f elementor-widget elementor-widget-restly_title2\" data-id=\"0bf0f2f\" data-element_type=\"widget\" data-e-type=\"widget\" data-widget_type=\"restly_title2.default\">\n\t\t\t\t<div class=\"elementor-widget-container\">\n\t\t\t\t\t        <div class=\"section-title-wrapper-v2\">\r\n            <div class=\"section-title\">\r\n                                    <span class=\"sub-title-two\"\r\n                                        >Solution pour consultants<\/span>\r\n                                <h2 class=\"section-h2\">Optimisez votre gestion quotidienne avec maFacture.be<\/h2>\r\n            <\/div>\r\n        <\/div>\r\n        \t\t\t\t<\/div>\n\t\t\t\t<\/div>\n\t\t\t\t\t<\/div>\n\t\t\t\t<\/div>\n\t\t<div class=\"elementor-element elementor-element-3dc929d e-flex e-con-boxed e-con e-parent\" data-id=\"3dc929d\" data-element_type=\"container\" data-e-type=\"container\">\n\t\t\t\t\t<div class=\"e-con-inner\">\n\t\t\t\t<div class=\"elementor-element elementor-element-8ffd0f2 elementor-widget elementor-widget-text-editor\" data-id=\"8ffd0f2\" data-element_type=\"widget\" data-e-type=\"widget\" data-widget_type=\"text-editor.default\">\n\t\t\t\t<div class=\"elementor-widget-container\">\n\t\t\t\t\t\t\t\t\t\n<p><img fetchpriority=\"high\" decoding=\"async\" class=\"wp-image-9932 size-medium alignright\" src=\"http:\/\/mafacture.be\/wp-content\/uploads\/2025\/01\/consultant-300x300.jpg\" alt=\"\" width=\"300\" height=\"300\" srcset=\"https:\/\/mafacture.be\/wp-content\/uploads\/2025\/01\/consultant-300x300.jpg 300w, https:\/\/mafacture.be\/wp-content\/uploads\/2025\/01\/consultant-150x150.jpg 150w, https:\/\/mafacture.be\/wp-content\/uploads\/2025\/01\/consultant.jpg 512w\" sizes=\"(max-width: 300px) 100vw, 300px\" \/><\/p>\n<p data-pm-slice=\"1 1 []\">Le consulting, c\u2019est avant tout une expertise mise au service des clients, mais aussi une gestion minutieuse des projets, des prestations et des finances. Entre la prospection, le suivi des missions, la facturation et la relation client, il est facile de se perdre dans l\u2019administratif et de manquer des opportunit\u00e9s. \ud83e\udd2f<\/p>\n<p>Et si vous pouviez centraliser toute votre activit\u00e9 sur une seule plateforme\u202f? C\u2019est exactement ce que propose <strong>mafacture.be<\/strong> ! \ud83d\ude80<\/p>\n<p>\u00a0<\/p>\n\t\t\t\t\t\t\t\t<\/div>\n\t\t\t\t<\/div>\n\t\t\t\t<div class=\"elementor-element elementor-element-1f641342 elementor-widget elementor-widget-text-editor\" data-id=\"1f641342\" data-element_type=\"widget\" data-e-type=\"widget\" data-widget_type=\"text-editor.default\">\n\t\t\t\t<div class=\"elementor-widget-container\">\n\t\t\t\t\t\t\t\t\t<h3 data-pm-slice=\"1 1 []\">\ud83d\udd25 En quoi l\u2019ERP va vous aider d\u00e8s demain ?<\/h3>\n<p>Un ERP con\u00e7u pour les consultants permet de : \u2705 G\u00e9rer vos missions et projets en temps r\u00e9el, de la prospection au suivi post-prestation<br \/>\u2705 Automatiser la facturation et s\u2019assurer du bon suivi des paiements<br \/>\u2705 Optimiser la gestion du temps et le suivi des t\u00e2ches<br \/>\u2705 Centraliser la relation client et l\u2019historique des \u00e9changes<br \/>\u2705 Piloter votre activit\u00e9 avec des tableaux de bord et des rapports pr\u00e9cis<\/p>\n<p>Avec <strong>mafacture.be<\/strong>, vous gagnez un temps pr\u00e9cieux et structurez votre gestion en toute simplicit\u00e9 !<\/p>\n<p>\u00a0<\/p>\n<h3 data-pm-slice=\"1 1 []\">\ud83d\ude80 Comment \u00e7a fonctionne sur mafacture.be ?<\/h3>\n<p>\ud83d\udccc <strong>Gestion des missions et clients<\/strong> : Cr\u00e9ez des fiches clients, suivez les contrats, planifiez vos prestations et archivez les \u00e9changes pour une gestion ultra-efficace.<br \/>\ud83d\udcb0 <strong>Facturation et devis simplifi\u00e9s<\/strong> : G\u00e9n\u00e9rez vos devis en un clic, transformez-les en factures et suivez les paiements avec des rappels automatiques.<br \/>\ud83d\udcca <strong>Optimisation du temps<\/strong> : Planifiez vos rendez-vous, assignez des t\u00e2ches et mesurez votre productivit\u00e9 en un coup d\u2019\u0153il.<br \/>\ud83d\udcc1 <strong>Archivage et documents centralis\u00e9s<\/strong> : Stockez et organisez vos rapports, contrats et notes de mission en toute s\u00e9curit\u00e9.<br \/>\ud83c\udf0d\ud83d\udcf1 <strong>Acc\u00e8s en ligne, partout et tout le temps<\/strong> : Emportez votre ERP sur tous vos appareils pour une gestion 100% flexible.<\/p>\n<p><strong>Avec mafacture.be, votre activit\u00e9 est sous contr\u00f4le, o\u00f9 que vous soyez.<\/strong><\/p>\t\t\t\t\t\t\t\t<\/div>\n\t\t\t\t<\/div>\n\t\t\t\t\t<\/div>\n\t\t\t\t<\/div>\n\t\t<div class=\"elementor-element elementor-element-293a486 e-flex e-con-boxed e-con e-parent\" data-id=\"293a486\" data-element_type=\"container\" data-e-type=\"container\">\n\t\t\t\t\t<div class=\"e-con-inner\">\n\t\t\t\t<div class=\"elementor-element elementor-element-0e7a791 elementor-widget elementor-widget-restly_contact_info\" data-id=\"0e7a791\" data-element_type=\"widget\" data-e-type=\"widget\" data-widget_type=\"restly_contact_info.default\">\n\t\t\t\t<div class=\"elementor-widget-container\">\n\t\t\t\t\t        <div class=\"restly-contact-info-warpper\">\r\n            <div class=\"restly-contact-info\">\r\n                <h2 class=\"contact-info-title\">N&#039;attendez plus !<\/h2>                <div class=\"restly-contact-info-items\">\r\n                                        <div class=\"restly-cinfo d-flex align-items-center\">\r\n                        <div class=\"restly-cinfo-icon\">\r\n                            <i class=\"bi bi-telephone\"><\/i>\r\n                        <\/div>\r\n                        <div class=\"restly-cinfo-dec\">\r\n                            <span>Adopter mafacture.be c\u2019est r\u00e9volutionner votre mani\u00e8re de travailler.<\/span>\r\n                            <p>+32 (0)472.88.18.33<\/p>                        <\/div>\r\n                    <\/div>\r\n                                    <\/div>\r\n            <\/div>\r\n        <\/div>\r\n        \t\t\t\t<\/div>\n\t\t\t\t<\/div>\n\t\t\t\t\t<\/div>\n\t\t\t\t<\/div>\n\t\t<div class=\"elementor-element elementor-element-9841d06 e-flex e-con-boxed e-con e-parent\" data-id=\"9841d06\" data-element_type=\"container\" data-e-type=\"container\">\n\t\t\t\t\t<div class=\"e-con-inner\">\n\t\t\t\t<div class=\"elementor-element elementor-element-df52513 elementor-widget elementor-widget-restly_title\" data-id=\"df52513\" data-element_type=\"widget\" data-e-type=\"widget\" data-widget_type=\"restly_title.default\">\n\t\t\t\t<div class=\"elementor-widget-container\">\n\t\t\t\t\t        <div class=\"restly-section-title-wrapper\">\r\n            <div class=\"restly-section-title\">\r\n                <h6 class=\"restly-section-stitle\"><span>l\u2019ERP qui booste votre entreprise<\/span><\/h6>                \r\n                <h2 class=\"restly-section-title\">\ud83d\ude80 R\u00e9servez votre d\u00e9mo gratuite !<\/h2> \r\n            <\/div>\r\n        <\/div>\r\n        \t\t\t\t<\/div>\n\t\t\t\t<\/div>\n\t\t\t\t<div class=\"elementor-element elementor-element-9cc4039 elementor-widget elementor-widget-restly_ctf7\" data-id=\"9cc4039\" data-element_type=\"widget\" data-e-type=\"widget\" data-widget_type=\"restly_ctf7.default\">\n\t\t\t\t<div class=\"elementor-widget-container\">\n\t\t\t\t\t        <div class=\"restly-ctf7s-wrapper\">\r\n        \n<div class=\"wpcf7 no-js\" id=\"wpcf7-f9980-o1\" lang=\"en-US\" dir=\"ltr\" data-wpcf7-id=\"9980\">\n<div class=\"screen-reader-response\"><p role=\"status\" aria-live=\"polite\" aria-atomic=\"true\"><\/p> <ul><\/ul><\/div>\n<form action=\"\/index.php\/wp-json\/wp\/v2\/pages\/9923#wpcf7-f9980-o1\" method=\"post\" class=\"wpcf7-form init\" aria-label=\"Contact form\" novalidate=\"novalidate\" data-status=\"init\">\n<fieldset class=\"hidden-fields-container\"><input type=\"hidden\" name=\"_wpcf7\" value=\"9980\" \/><input type=\"hidden\" name=\"_wpcf7_version\" value=\"6.1.5\" \/><input type=\"hidden\" name=\"_wpcf7_locale\" value=\"en_US\" \/><input type=\"hidden\" name=\"_wpcf7_unit_tag\" value=\"wpcf7-f9980-o1\" \/><input type=\"hidden\" name=\"_wpcf7_container_post\" value=\"0\" \/><input type=\"hidden\" name=\"_wpcf7_posted_data_hash\" value=\"\" \/><input type=\"hidden\" name=\"_wpcf7_recaptcha_response\" value=\"\" \/>\n<\/fieldset>\n<div class=\"restly-contact-form\">\n    <div class=\"row\">\n        <div class=\"col-12 col-md-6\">\n            <div class=\"restly-input name\"><span class=\"wpcf7-form-control-wrap\" data-name=\"fullname\"><input size=\"40\" maxlength=\"400\" class=\"wpcf7-form-control wpcf7-text wpcf7-validates-as-required\" aria-required=\"true\" aria-invalid=\"false\" placeholder=\"Nom et pr\u00e9nom\" value=\"\" type=\"text\" name=\"fullname\" \/><\/span><\/div>\n        <\/div>\n        <div class=\"col-12 col-md-6\">\n            <div class=\"restly-input company\"><span class=\"wpcf7-form-control-wrap\" data-name=\"companyname\"><input size=\"40\" maxlength=\"400\" class=\"wpcf7-form-control wpcf7-text wpcf7-validates-as-required\" aria-required=\"true\" aria-invalid=\"false\" placeholder=\"Nom de l&#039;entreprise\" value=\"\" type=\"text\" name=\"companyname\" \/><\/span><\/div>\n        <\/div>\n        <div class=\"col-12 col-md-6\">\n            <div class=\"restly-input email\"><span class=\"wpcf7-form-control-wrap\" data-name=\"youremail\"><input size=\"40\" maxlength=\"400\" class=\"wpcf7-form-control wpcf7-email wpcf7-validates-as-required wpcf7-text wpcf7-validates-as-email\" aria-required=\"true\" aria-invalid=\"false\" placeholder=\"Email professionnel\" value=\"\" type=\"email\" name=\"youremail\" \/><\/span><\/div>\n        <\/div>\n        <div class=\"col-12 col-md-6\">\n            <div class=\"restly-input phone\"><span class=\"wpcf7-form-control-wrap\" data-name=\"yourphone\"><input size=\"40\" maxlength=\"400\" class=\"wpcf7-form-control wpcf7-tel wpcf7-validates-as-required wpcf7-text wpcf7-validates-as-tel\" aria-required=\"true\" aria-invalid=\"false\" placeholder=\"Num\u00e9ro de t\u00e9l\u00e9phone\" value=\"\" type=\"tel\" name=\"yourphone\" \/><\/span><\/div>\n        <\/div>\n        <div class=\"col-12 col-md-12\">\n            <div class=\"restly-input website\"><span class=\"wpcf7-form-control-wrap\" data-name=\"yourwebsite\"><input size=\"40\" maxlength=\"400\" class=\"wpcf7-form-control wpcf7-url wpcf7-text wpcf7-validates-as-url\" aria-invalid=\"false\" placeholder=\"Site web (optionnel)\" value=\"\" type=\"url\" name=\"yourwebsite\" \/><\/span><\/div>\n        <\/div>\n        <div class=\"col-12 col-md-12\">\n            <div class=\"restly-input select\"><span class=\"wpcf7-form-control-wrap\" data-name=\"tarif-option\"><select class=\"wpcf7-form-control wpcf7-select wpcf7-validates-as-required\" aria-required=\"true\" aria-invalid=\"false\" name=\"tarif-option\"><option value=\"Type de soci\u00e9t\u00e9\">Type de soci\u00e9t\u00e9<\/option><option value=\"Starter ou ind\u00e9pendant\">Starter ou ind\u00e9pendant<\/option><option value=\"Entreprise (PME)\">Entreprise (PME)<\/option><option value=\"Gold (besoin avanc\u00e9s)\">Gold (besoin avanc\u00e9s)<\/option><\/select><\/span><\/div>\n        <\/div>\n        <div class=\"col-12 col-md-12\">\n            <div class=\"restly-input message\"><span class=\"wpcf7-form-control-wrap\" data-name=\"WriteMessage\"><textarea cols=\"10\" rows=\"5\" maxlength=\"2000\" class=\"wpcf7-form-control wpcf7-textarea wpcf7-validates-as-required\" aria-required=\"true\" aria-invalid=\"false\" placeholder=\"D\u00e9crivez vos besoins ou attentes\" name=\"WriteMessage\"><\/textarea><\/span><\/div>\n        <\/div>\n        <div class=\"col-12 col-md-12\">\n            <div class=\"restly-message-btn\">\n                <input class=\"wpcf7-form-control wpcf7-submit has-spinner\" type=\"submit\" value=\"Demander une d\u00e9mo\" \/>\n            <\/div>\n        <\/div>\n    <\/div>\n<\/div><p style=\"display: none !important;\" class=\"akismet-fields-container\" data-prefix=\"_wpcf7_ak_\"><label>&#916;<textarea name=\"_wpcf7_ak_hp_textarea\" cols=\"45\" rows=\"8\" maxlength=\"100\"><\/textarea><\/label><input type=\"hidden\" id=\"ak_js_1\" name=\"_wpcf7_ak_js\" value=\"73\"\/><script>document.getElementById( \"ak_js_1\" ).setAttribute( \"value\", ( new Date() ).getTime() );<\/script><\/p><div class=\"wpcf7-response-output\" aria-hidden=\"true\"><\/div>\n<\/form>\n<\/div>\n        <\/div>\r\n        \t\t\t\t<\/div>\n\t\t\t\t<\/div>\n\t\t\t\t\t<\/div>\n\t\t\t\t<\/div>\n\t\t\t\t<\/div>\n\t\t","protected":false},"excerpt":{"rendered":"<p>Solution pour consultants Optimisez votre gestion quotidienne avec maFacture.be Le consulting, c\u2019est avant tout une expertise mise au service des clients, mais aussi une gestion minutieuse des projets, des prestations et des finances. Entre la prospection, le suivi des missions, la facturation et la relation client, il est facile de se perdre dans l\u2019administratif et [&hellip;]<\/p>\n","protected":false},"author":1,"featured_media":0,"parent":0,"menu_order":0,"comment_status":"closed","ping_status":"closed","template":"","meta":{"footnotes":""},"class_list":["post-9923","page","type-page","status-publish","hentry"],"_links":{"self":[{"href":"https:\/\/mafacture.be\/index.php\/wp-json\/wp\/v2\/pages\/9923","targetHints":{"allow":["GET"]}}],"collection":[{"href":"https:\/\/mafacture.be\/index.php\/wp-json\/wp\/v2\/pages"}],"about":[{"href":"https:\/\/mafacture.be\/index.php\/wp-json\/wp\/v2\/types\/page"}],"author":[{"embeddable":true,"href":"https:\/\/mafacture.be\/index.php\/wp-json\/wp\/v2\/users\/1"}],"replies":[{"embeddable":true,"href":"https:\/\/mafacture.be\/index.php\/wp-json\/wp\/v2\/comments?post=9923"}],"version-history":[{"count":19,"href":"https:\/\/mafacture.be\/index.php\/wp-json\/wp\/v2\/pages\/9923\/revisions"}],"predecessor-version":[{"id":10127,"href":"https:\/\/mafacture.be\/index.php\/wp-json\/wp\/v2\/pages\/9923\/revisions\/10127"}],"wp:attachment":[{"href":"https:\/\/mafacture.be\/index.php\/wp-json\/wp\/v2\/media?parent=9923"}],"curies":[{"name":"wp","href":"https:\/\/api.w.org\/{rel}","templated":true}]}}