{"id":9942,"date":"2025-01-28T12:59:22","date_gmt":"2025-01-28T11:59:22","guid":{"rendered":"https:\/\/mafacture.be\/?page_id=9942"},"modified":"2025-01-28T13:05:21","modified_gmt":"2025-01-28T12:05:21","slug":"mafacture-be-pour-les-independants","status":"publish","type":"page","link":"https:\/\/mafacture.be\/index.php\/mafacture-be-pour-les-independants\/","title":{"rendered":"Mafacture.be pour les ind\u00e9pendants"},"content":{"rendered":"\t\t<div data-elementor-type=\"wp-page\" data-elementor-id=\"9942\" class=\"elementor elementor-9942\">\n\t\t\t\t<div class=\"elementor-element elementor-element-6b8b8260 e-flex e-con-boxed e-con e-parent\" data-id=\"6b8b8260\" data-element_type=\"container\" data-e-type=\"container\">\n\t\t\t\t\t<div class=\"e-con-inner\">\n\t\t\t\t\t<\/div>\n\t\t\t\t<\/div>\n\t\t<div class=\"elementor-element elementor-element-852e396 e-flex e-con-boxed e-con e-parent\" data-id=\"852e396\" data-element_type=\"container\" data-e-type=\"container\">\n\t\t\t\t\t<div class=\"e-con-inner\">\n\t\t\t\t<div class=\"elementor-element elementor-element-0bf0f2f elementor-widget elementor-widget-restly_title2\" data-id=\"0bf0f2f\" data-element_type=\"widget\" data-e-type=\"widget\" data-widget_type=\"restly_title2.default\">\n\t\t\t\t<div class=\"elementor-widget-container\">\n\t\t\t\t\t        <div class=\"section-title-wrapper-v2\">\r\n            <div class=\"section-title\">\r\n                                    <span class=\"sub-title-two\"\r\n                                        >G\u00e9rez tout, simplement<\/span>\r\n                                <h2 class=\"section-h2\">Une solution compl\u00e8te et intuitive pour votre gestion quotidienne<\/h2>\r\n            <\/div>\r\n        <\/div>\r\n        \t\t\t\t<\/div>\n\t\t\t\t<\/div>\n\t\t\t\t\t<\/div>\n\t\t\t\t<\/div>\n\t\t<div class=\"elementor-element elementor-element-3dc929d e-flex e-con-boxed e-con e-parent\" data-id=\"3dc929d\" data-element_type=\"container\" data-e-type=\"container\">\n\t\t\t\t\t<div class=\"e-con-inner\">\n\t\t\t\t<div class=\"elementor-element elementor-element-8ffd0f2 elementor-widget elementor-widget-text-editor\" data-id=\"8ffd0f2\" data-element_type=\"widget\" data-e-type=\"widget\" data-widget_type=\"text-editor.default\">\n\t\t\t\t<div class=\"elementor-widget-container\">\n\t\t\t\t\t\t\t\t\t\n<p><img fetchpriority=\"high\" decoding=\"async\" class=\"wp-image-9946 size-medium alignright\" src=\"http:\/\/mafacture.be\/wp-content\/uploads\/2025\/01\/independant-300x300.jpg\" alt=\"\" width=\"300\" height=\"300\" srcset=\"https:\/\/mafacture.be\/wp-content\/uploads\/2025\/01\/independant-300x300.jpg 300w, https:\/\/mafacture.be\/wp-content\/uploads\/2025\/01\/independant-150x150.jpg 150w, https:\/\/mafacture.be\/wp-content\/uploads\/2025\/01\/independant.jpg 512w\" sizes=\"(max-width: 300px) 100vw, 300px\" \/><\/p>\n<h3 data-pm-slice=\"1 1 []\">Une solution compl\u00e8te et intuitive pour votre gestion quotidienne<\/h3>\n<h3>Attirer l&rsquo;attention<\/h3>\n<p>Ind\u00e9pendants, arr\u00eatez de perdre votre temps \u00e0 jongler entre diff\u00e9rents outils ! Imaginez une solution unique qui centralise toutes vos op\u00e9rations\u00a0: devis, factures, gestion de clients et bien plus encore.<\/p>\n<p>Avec l&rsquo;ERP de <a>mafacture.be<\/a>, r\u00e9duisez vos efforts administratifs et concentrez-vous sur ce qui compte vraiment : faire cro\u00eetre votre activit\u00e9.<\/p>\n<p>\u00a0<\/p>\n\t\t\t\t\t\t\t\t<\/div>\n\t\t\t\t<\/div>\n\t\t\t\t<div class=\"elementor-element elementor-element-1f641342 elementor-widget elementor-widget-text-editor\" data-id=\"1f641342\" data-element_type=\"widget\" data-e-type=\"widget\" data-widget_type=\"text-editor.default\">\n\t\t\t\t<div class=\"elementor-widget-container\">\n\t\t\t\t\t\t\t\t\t\n<h3 class=\"wp-block-heading\">Pour qui est-ce destin\u00e9 ?<\/h3>\n\n<p data-pm-slice=\"1 1 []\">Que vous soyez consultant, artisan, freelance ou commer\u00e7ant, votre temps est pr\u00e9cieux. Vous cherchez \u00e0 simplifier votre gestion quotidienne sans passer des heures \u00e0 comprendre des outils complexes ? L\u2019ERP de <a href=\"http:\/\/mafacture.be\">mafacture.be<\/a> est con\u00e7u pour vous. Accessible, en ligne et intuitif, il s\u2019adapte \u00e0 vos besoins pour rendre votre travail plus efficace.<\/p>\n\n<h3 class=\"wp-block-heading\">Comment \u00e7a fonctionne sur mafacture.be ?<\/h3>\n\n<p data-pm-slice=\"1 1 []\">Imaginez un tableau de bord personnalis\u00e9 qui vous donne une vue d&rsquo;ensemble sur vos finances, vos projets et vos clients, tout en \u00e9tant accessible depuis n&rsquo;importe quel appareil. Notre ERP r\u00e9duit le risque d\u2019erreur et vous aide \u00e0 rester organis\u00e9, m\u00eame pendant les p\u00e9riodes de rush. Avec des outils puissants et automatis\u00e9s, g\u00e9rez votre business comme un pro, sans effort suppl\u00e9mentaire.<\/p>\n<ul data-spread=\"false\">\n<li>\n<ul data-spread=\"false\" data-pm-slice=\"3 3 []\">\n<li>\n<p><strong>Gagnez du temps<\/strong> : Cr\u00e9ez vos devis et factures en quelques clics, sans ressaisir les informations.<\/p>\n<\/li>\n<li>\n<p><strong>Am\u00e9liorez votre organisation<\/strong> : Centralisez vos donn\u00e9es client et gardez une vue claire sur vos \u00e9ch\u00e9ances.<\/p>\n<\/li>\n<li>\n<p><strong>Pr\u00e9venez les oublis<\/strong> : Recevez des rappels pour vos paiements ou rendez-vous importants.<\/p>\n<\/li>\n<li>\n<p><strong>Gardez le contr\u00f4le<\/strong> : Analysez vos performances avec des rapports pr\u00e9cis et clairs.<\/p>\n<\/li>\n<\/ul>\n<\/li>\n<\/ul>\n<p data-pm-slice=\"1 1 []\">Adopter l&rsquo;ERP de <a href=\"http:\/\/mafacture.be\">mafacture.be<\/a>, c&rsquo;est choisir une solution qui allie simplicit\u00e9, efficacit\u00e9 et gain de temps. Con\u00e7u pour les ind\u00e9pendants, il est votre partenaire id\u00e9al pour optimiser votre gestion quotidienne et vous concentrer sur l&rsquo;essentiel : votre m\u00e9tier. <\/p>\n<h3>\u00a0<\/h3>\n\t\t\t\t\t\t\t\t<\/div>\n\t\t\t\t<\/div>\n\t\t\t\t\t<\/div>\n\t\t\t\t<\/div>\n\t\t<div class=\"elementor-element elementor-element-293a486 e-flex e-con-boxed e-con e-parent\" data-id=\"293a486\" data-element_type=\"container\" data-e-type=\"container\">\n\t\t\t\t\t<div class=\"e-con-inner\">\n\t\t\t\t<div class=\"elementor-element elementor-element-0e7a791 elementor-widget elementor-widget-restly_contact_info\" data-id=\"0e7a791\" data-element_type=\"widget\" data-e-type=\"widget\" data-widget_type=\"restly_contact_info.default\">\n\t\t\t\t<div class=\"elementor-widget-container\">\n\t\t\t\t\t        <div class=\"restly-contact-info-warpper\">\r\n            <div class=\"restly-contact-info\">\r\n                <h2 class=\"contact-info-title\">Essayez-le maintenant et d\u00e9couvrez une nouvelle fa\u00e7on de travailler, en toute s\u00e9r\u00e9nit\u00e9.<\/h2>                <div class=\"restly-contact-info-items\">\r\n                                        <div class=\"restly-cinfo d-flex align-items-center\">\r\n                        <div class=\"restly-cinfo-icon\">\r\n                            <i class=\"bi bi-telephone\"><\/i>\r\n                        <\/div>\r\n                        <div class=\"restly-cinfo-dec\">\r\n                            <span>Adopter mafacture.be c\u2019est r\u00e9volutionner votre mani\u00e8re de travailler.<\/span>\r\n                            <p>+32 (0)472.88.18.33<\/p>                        <\/div>\r\n                    <\/div>\r\n                                    <\/div>\r\n            <\/div>\r\n        <\/div>\r\n        \t\t\t\t<\/div>\n\t\t\t\t<\/div>\n\t\t\t\t\t<\/div>\n\t\t\t\t<\/div>\n\t\t\t\t<\/div>\n\t\t","protected":false},"excerpt":{"rendered":"<p>G\u00e9rez tout, simplement Une solution compl\u00e8te et intuitive pour votre gestion quotidienne Une solution compl\u00e8te et intuitive pour votre gestion quotidienne Attirer l&rsquo;attention Ind\u00e9pendants, arr\u00eatez de perdre votre temps \u00e0 jongler entre diff\u00e9rents outils ! Imaginez une solution unique qui centralise toutes vos op\u00e9rations\u00a0: devis, factures, gestion de clients et bien plus encore. Avec l&rsquo;ERP [&hellip;]<\/p>\n","protected":false},"author":1,"featured_media":0,"parent":0,"menu_order":0,"comment_status":"closed","ping_status":"closed","template":"","meta":{"footnotes":""},"class_list":["post-9942","page","type-page","status-publish","hentry"],"_links":{"self":[{"href":"https:\/\/mafacture.be\/index.php\/wp-json\/wp\/v2\/pages\/9942","targetHints":{"allow":["GET"]}}],"collection":[{"href":"https:\/\/mafacture.be\/index.php\/wp-json\/wp\/v2\/pages"}],"about":[{"href":"https:\/\/mafacture.be\/index.php\/wp-json\/wp\/v2\/types\/page"}],"author":[{"embeddable":true,"href":"https:\/\/mafacture.be\/index.php\/wp-json\/wp\/v2\/users\/1"}],"replies":[{"embeddable":true,"href":"https:\/\/mafacture.be\/index.php\/wp-json\/wp\/v2\/comments?post=9942"}],"version-history":[{"count":5,"href":"https:\/\/mafacture.be\/index.php\/wp-json\/wp\/v2\/pages\/9942\/revisions"}],"predecessor-version":[{"id":9949,"href":"https:\/\/mafacture.be\/index.php\/wp-json\/wp\/v2\/pages\/9942\/revisions\/9949"}],"wp:attachment":[{"href":"https:\/\/mafacture.be\/index.php\/wp-json\/wp\/v2\/media?parent=9942"}],"curies":[{"name":"wp","href":"https:\/\/api.w.org\/{rel}","templated":true}]}}